{"id":3124,"date":"2025-05-21T14:29:38","date_gmt":"2025-05-21T11:29:38","guid":{"rendered":"https:\/\/nuvalo.md\/%d1%81%d0%b2%d1%8f%d0%b6%d0%b8%d1%82%d0%b5%d1%81%d1%8c-%d1%81-%d0%bd%d0%b0%d0%bc%d0%b8\/"},"modified":"2025-08-10T14:06:13","modified_gmt":"2025-08-10T11:06:13","slug":"%d1%81%d0%b2%d1%8f%d0%b6%d0%b8%d1%82%d0%b5%d1%81%d1%8c-%d1%81-%d0%bd%d0%b0%d0%bc%d0%b8","status":"publish","type":"page","link":"https:\/\/nuvalo.md\/ru\/%d1%81%d0%b2%d1%8f%d0%b6%d0%b8%d1%82%d0%b5%d1%81%d1%8c-%d1%81-%d0%bd%d0%b0%d0%bc%d0%b8\/","title":{"rendered":"\u0421\u0432\u044f\u0436\u0438\u0442\u0435\u0441\u044c \u0441 \u043d\u0430\u043c\u0438"},"content":{"rendered":"\t\t<div data-elementor-type=\"wp-page\" data-elementor-id=\"3124\" class=\"elementor elementor-3124 elementor-2549\" data-elementor-post-type=\"page\">\n\t\t\t\t<div data-particle_enable=\"false\" data-particle-mobile-disabled=\"false\" class=\"elementor-element elementor-element-497347ef e-flex e-con-boxed e-con e-parent\" data-id=\"497347ef\" data-element_type=\"container\" data-settings=\"{&quot;background_background&quot;:&quot;classic&quot;}\">\n\t\t\t\t\t<div class=\"e-con-inner\">\n\t\t\t\t<div class=\"elementor-element elementor-element-10bba933 elementor-widget elementor-widget-heading\" data-id=\"10bba933\" data-element_type=\"widget\" data-widget_type=\"heading.default\">\n\t\t\t\t<div class=\"elementor-widget-container\">\n\t\t\t\t\t<h2 class=\"elementor-heading-title elementor-size-default\">\u0421\u0432\u044f\u0436\u0438\u0442\u0435\u0441\u044c \u0441 \u043d\u0430\u043c\u0438<\/h2>\t\t\t\t<\/div>\n\t\t\t\t<\/div>\n\t\t\t\t\t<\/div>\n\t\t\t\t<\/div>\n\t\t<div data-particle_enable=\"false\" data-particle-mobile-disabled=\"false\" class=\"elementor-element elementor-element-5224404d e-flex e-con-boxed e-con e-parent\" data-id=\"5224404d\" data-element_type=\"container\">\n\t\t\t\t\t<div class=\"e-con-inner\">\n\t\t\t\t<div class=\"elementor-element elementor-element-1ede6dcf elementor-widget elementor-widget-heading\" data-id=\"1ede6dcf\" data-element_type=\"widget\" data-widget_type=\"heading.default\">\n\t\t\t\t<div class=\"elementor-widget-container\">\n\t\t\t\t\t<h2 class=\"elementor-heading-title elementor-size-default\">Nuvalo \u2013 \u043a\u0430\u0447\u0435\u0441\u0442\u0432\u0435\u043d\u043d\u044b\u0439 HR, \u043e\u0445\u0432\u0430\u0442\u044b\u0432\u0430\u044e\u0449\u0438\u0439 \u0432\u0441\u044e \u0415\u0432\u0440\u043e\u043f\u0443!<span style=\"font-size: 2rem\"><\/span><\/h2>\t\t\t\t<\/div>\n\t\t\t\t<\/div>\n\t\t\t\t<div class=\"elementor-element elementor-element-768f1fb elementor-widget__width-initial elementor-widget-mobile__width-inherit elementor-widget elementor-widget-text-editor\" data-id=\"768f1fb\" data-element_type=\"widget\" data-widget_type=\"text-editor.default\">\n\t\t\t\t<div class=\"elementor-widget-container\">\n\t\t\t\t\t\t\t\t\t<p>\u0426\u0435\u043b\u044c\u044e Nuvalo \u044f\u0432\u043b\u044f\u0435\u0442\u0441\u044f \u043f\u0440\u0435\u0434\u043e\u0441\u0442\u0430\u0432\u043b\u0435\u043d\u0438\u0435 \u043f\u0440\u043e\u0444\u0435\u0441\u0441\u0438\u043e\u043d\u0430\u043b\u044c\u043d\u044b\u0445 \u043a\u0430\u0434\u0440\u043e\u0432\u044b\u0445 \u0443\u0441\u043b\u0443\u0433 \u043a\u043b\u0438\u0435\u043d\u0442\u0430\u043c \u043d\u0430 \u043a\u043e\u0440\u043e\u0442\u043a\u0438\u0439 \u0438\u043b\u0438 \u0434\u043b\u0438\u0442\u0435\u043b\u044c\u043d\u044b\u0439 \u043f\u0435\u0440\u0438\u043e\u0434. \u0411\u044b\u0442\u044c \u043d\u0430\u0448\u0438\u043c \u043f\u0430\u0440\u0442\u043d\u0435\u0440\u043e\u043c \u043f\u043e\u043c\u043e\u0433\u0430\u0435\u0442 \u043c\u0438\u043d\u0438\u043c\u0438\u0437\u0438\u0440\u043e\u0432\u0430\u0442\u044c \u0440\u0438\u0441\u043a\u0438 \u043d\u0430\u0439\u043c\u0430 \u0438 \u043f\u043e\u043c\u043e\u0436\u0435\u0442 \u043a\u043e\u043c\u043f\u0430\u043d\u0438\u044f\u043c \u0443\u0441\u0438\u043b\u0438\u0442\u044c \u0441\u0432\u043e\u044e \u0430\u0434\u0430\u043f\u0442\u0430\u0446\u0438\u044e \u0438 \u043a\u043e\u043d\u043a\u0443\u0440\u0435\u043d\u0442\u043e\u0441\u043f\u043e\u0441\u043e\u0431\u043d\u043e\u0441\u0442\u044c.<\/p>\n\t\t\t\t\t\t\t\t<\/div>\n\t\t\t\t<\/div>\n\t\t<div data-particle_enable=\"false\" data-particle-mobile-disabled=\"false\" class=\"elementor-element elementor-element-69bff5b e-con-full e-flex e-con e-child\" data-id=\"69bff5b\" data-element_type=\"container\">\n\t\t<div data-particle_enable=\"false\" data-particle-mobile-disabled=\"false\" class=\"elementor-element elementor-element-8c51e1c e-con-full e-flex e-con e-child\" data-id=\"8c51e1c\" data-element_type=\"container\">\n\t\t\t\t<div class=\"elementor-element elementor-element-b5ad10c elementor-widget elementor-widget-heading\" data-id=\"b5ad10c\" data-element_type=\"widget\" data-widget_type=\"heading.default\">\n\t\t\t\t<div class=\"elementor-widget-container\">\n\t\t\t\t\t<h2 class=\"elementor-heading-title elementor-size-default\">Nuvalo Moldova<\/h2>\t\t\t\t<\/div>\n\t\t\t\t<\/div>\n\t\t\t\t<div class=\"elementor-element elementor-element-5cd79e5 elementor-icon-list--layout-traditional elementor-list-item-link-full_width elementor-widget elementor-widget-icon-list\" data-id=\"5cd79e5\" data-element_type=\"widget\" data-widget_type=\"icon-list.default\">\n\t\t\t\t<div class=\"elementor-widget-container\">\n\t\t\t\t\t\t\t<ul class=\"elementor-icon-list-items\">\n\t\t\t\t\t\t\t<li class=\"elementor-icon-list-item\">\n\t\t\t\t\t\t\t\t\t\t\t<span class=\"elementor-icon-list-icon\">\n\t\t\t\t\t\t\t<svg aria-hidden=\"true\" class=\"e-font-icon-svg e-fas-home\" viewBox=\"0 0 576 512\" xmlns=\"http:\/\/www.w3.org\/2000\/svg\"><path d=\"M280.37 148.26L96 300.11V464a16 16 0 0 0 16 16l112.06-.29a16 16 0 0 0 15.92-16V368a16 16 0 0 1 16-16h64a16 16 0 0 1 16 16v95.64a16 16 0 0 0 16 16.05L464 480a16 16 0 0 0 16-16V300L295.67 148.26a12.19 12.19 0 0 0-15.3 0zM571.6 251.47L488 182.56V44.05a12 12 0 0 0-12-12h-56a12 12 0 0 0-12 12v72.61L318.47 43a48 48 0 0 0-61 0L4.34 251.47a12 12 0 0 0-1.6 16.9l25.5 31A12 12 0 0 0 45.15 301l235.22-193.74a12.19 12.19 0 0 1 15.3 0L530.9 301a12 12 0 0 0 16.9-1.6l25.5-31a12 12 0 0 0-1.7-16.93z\"><\/path><\/svg>\t\t\t\t\t\t<\/span>\n\t\t\t\t\t\t\t\t\t\t<span class=\"elementor-icon-list-text\">-<\/span>\n\t\t\t\t\t\t\t\t\t<\/li>\n\t\t\t\t\t\t\t\t<li class=\"elementor-icon-list-item\">\n\t\t\t\t\t\t\t\t\t\t\t<span class=\"elementor-icon-list-icon\">\n\t\t\t\t\t\t\t<svg aria-hidden=\"true\" class=\"e-font-icon-svg e-far-envelope\" viewBox=\"0 0 512 512\" xmlns=\"http:\/\/www.w3.org\/2000\/svg\"><path d=\"M464 64H48C21.49 64 0 85.49 0 112v288c0 26.51 21.49 48 48 48h416c26.51 0 48-21.49 48-48V112c0-26.51-21.49-48-48-48zm0 48v40.805c-22.422 18.259-58.168 46.651-134.587 106.49-16.841 13.247-50.201 45.072-73.413 44.701-23.208.375-56.579-31.459-73.413-44.701C106.18 199.465 70.425 171.067 48 152.805V112h416zM48 400V214.398c22.914 18.251 55.409 43.862 104.938 82.646 21.857 17.205 60.134 55.186 103.062 54.955 42.717.231 80.509-37.199 103.053-54.947 49.528-38.783 82.032-64.401 104.947-82.653V400H48z\"><\/path><\/svg>\t\t\t\t\t\t<\/span>\n\t\t\t\t\t\t\t\t\t\t<span class=\"elementor-icon-list-text\">info@nuvalo.md<\/span>\n\t\t\t\t\t\t\t\t\t<\/li>\n\t\t\t\t\t\t<\/ul>\n\t\t\t\t\t\t<\/div>\n\t\t\t\t<\/div>\n\t\t\t\t<\/div>\n\t\t\t\t<\/div>\n\t\t\t\t\t<\/div>\n\t\t\t\t<\/div>\n\t\t<div data-particle_enable=\"false\" data-particle-mobile-disabled=\"false\" class=\"elementor-element elementor-element-65d19dc9 e-flex e-con-boxed e-con e-parent\" data-id=\"65d19dc9\" data-element_type=\"container\" data-settings=\"{&quot;background_background&quot;:&quot;classic&quot;}\">\n\t\t\t\t\t<div class=\"e-con-inner\">\n\t\t\t\t<div class=\"elementor-element elementor-element-120cb0cf elementor-widget elementor-widget-counter\" data-id=\"120cb0cf\" data-element_type=\"widget\" data-widget_type=\"counter.default\">\n\t\t\t\t<div class=\"elementor-widget-container\">\n\t\t\t\t\t\t\t<div class=\"elementor-counter\">\n\t\t\t<div class=\"elementor-counter-title\">\u043b\u0435\u0442 \u043e\u043f\u044b\u0442\u0430<\/div>\t\t\t<div class=\"elementor-counter-number-wrapper\">\n\t\t\t\t<span class=\"elementor-counter-number-prefix\"><\/span>\n\t\t\t\t<span class=\"elementor-counter-number\" data-duration=\"2000\" data-to-value=\"20\" data-from-value=\"0\" data-delimiter=\",\">0<\/span>\n\t\t\t\t<span class=\"elementor-counter-number-suffix\">+<\/span>\n\t\t\t<\/div>\n\t\t<\/div>\n\t\t\t\t\t\t<\/div>\n\t\t\t\t<\/div>\n\t\t\t\t<div class=\"elementor-element elementor-element-542fc54e elementor-widget elementor-widget-counter\" data-id=\"542fc54e\" data-element_type=\"widget\" data-widget_type=\"counter.default\">\n\t\t\t\t<div class=\"elementor-widget-container\">\n\t\t\t\t\t\t\t<div class=\"elementor-counter\">\n\t\t\t<div class=\"elementor-counter-title\">\u0430\u0440\u0435\u043d\u0434\u043e\u0432\u0430\u043d\u043d\u044b\u0445 \u0441\u043e\u0442\u0440\u0443\u0434\u043d\u0438\u043a\u043e\u0432<\/div>\t\t\t<div class=\"elementor-counter-number-wrapper\">\n\t\t\t\t<span class=\"elementor-counter-number-prefix\"><\/span>\n\t\t\t\t<span class=\"elementor-counter-number\" data-duration=\"1000\" data-to-value=\"1500\" data-from-value=\"777\">777<\/span>\n\t\t\t\t<span class=\"elementor-counter-number-suffix\">+<\/span>\n\t\t\t<\/div>\n\t\t<\/div>\n\t\t\t\t\t\t<\/div>\n\t\t\t\t<\/div>\n\t\t\t\t<div class=\"elementor-element elementor-element-13aedd79 elementor-widget elementor-widget-counter\" data-id=\"13aedd79\" data-element_type=\"widget\" data-widget_type=\"counter.default\">\n\t\t\t\t<div class=\"elementor-widget-container\">\n\t\t\t\t\t\t\t<div class=\"elementor-counter\">\n\t\t\t<div class=\"elementor-counter-title\">\u043d\u0430\u0434\u0451\u0436\u043d\u044b\u0445 \u043f\u0430\u0440\u0442\u043d\u0451\u0440\u043e\u0432<\/div>\t\t\t<div class=\"elementor-counter-number-wrapper\">\n\t\t\t\t<span class=\"elementor-counter-number-prefix\"><\/span>\n\t\t\t\t<span class=\"elementor-counter-number\" data-duration=\"2000\" data-to-value=\"100\" data-from-value=\"44\" data-delimiter=\",\">44<\/span>\n\t\t\t\t<span class=\"elementor-counter-number-suffix\">+<\/span>\n\t\t\t<\/div>\n\t\t<\/div>\n\t\t\t\t\t\t<\/div>\n\t\t\t\t<\/div>\n\t\t\t\t\t<\/div>\n\t\t\t\t<\/div>\n\t\t\t\t<\/div>\n\t\t","protected":false},"excerpt":{"rendered":"<p>\u0421\u0432\u044f\u0436\u0438\u0442\u0435\u0441\u044c \u0441 \u043d\u0430\u043c\u0438 Nuvalo \u2013 \u043a\u0430\u0447\u0435\u0441\u0442\u0432\u0435\u043d\u043d\u044b\u0439 HR, \u043e\u0445\u0432\u0430\u0442\u044b\u0432\u0430\u044e\u0449\u0438\u0439 \u0432\u0441\u044e \u0415\u0432\u0440\u043e\u043f\u0443! \u0426\u0435\u043b\u044c\u044e Nuvalo \u044f\u0432\u043b\u044f\u0435\u0442\u0441\u044f \u043f\u0440\u0435\u0434\u043e\u0441\u0442\u0430\u0432\u043b\u0435\u043d\u0438\u0435 \u043f\u0440\u043e\u0444\u0435\u0441\u0441\u0438\u043e\u043d\u0430\u043b\u044c\u043d\u044b\u0445 \u043a\u0430\u0434\u0440\u043e\u0432\u044b\u0445 \u0443\u0441\u043b\u0443\u0433 \u043a\u043b\u0438\u0435\u043d\u0442\u0430\u043c \u043d\u0430 \u043a\u043e\u0440\u043e\u0442\u043a\u0438\u0439 \u0438\u043b\u0438 \u0434\u043b\u0438\u0442\u0435\u043b\u044c\u043d\u044b\u0439 \u043f\u0435\u0440\u0438\u043e\u0434. \u0411\u044b\u0442\u044c \u043d\u0430\u0448\u0438\u043c \u043f\u0430\u0440\u0442\u043d\u0435\u0440\u043e\u043c \u043f\u043e\u043c\u043e\u0433\u0430\u0435\u0442 \u043c\u0438\u043d\u0438\u043c\u0438\u0437\u0438\u0440\u043e\u0432\u0430\u0442\u044c \u0440\u0438\u0441\u043a\u0438 \u043d\u0430\u0439\u043c\u0430 \u0438 \u043f\u043e\u043c\u043e\u0436\u0435\u0442 \u043a\u043e\u043c\u043f\u0430\u043d\u0438\u044f\u043c \u0443\u0441\u0438\u043b\u0438\u0442\u044c \u0441\u0432\u043e\u044e \u0430\u0434\u0430\u043f\u0442\u0430\u0446\u0438\u044e \u0438 \u043a\u043e\u043d\u043a\u0443\u0440\u0435\u043d\u0442\u043e\u0441\u043f\u043e\u0441\u043e\u0431\u043d\u043e\u0441\u0442\u044c. Nuvalo Moldova &#8212; info@nuvalo.md \u043b\u0435\u0442 \u043e\u043f\u044b\u0442\u0430 0 + \u0430\u0440\u0435\u043d\u0434\u043e\u0432\u0430\u043d\u043d\u044b\u0445 \u0441\u043e\u0442\u0440\u0443\u0434\u043d\u0438\u043a\u043e\u0432 777 + \u043d\u0430\u0434\u0451\u0436\u043d\u044b\u0445 \u043f\u0430\u0440\u0442\u043d\u0451\u0440\u043e\u0432 44 +<\/p>\n","protected":false},"author":5,"featured_media":0,"parent":0,"menu_order":0,"comment_status":"closed","ping_status":"closed","template":"elementor_header_footer","meta":{"_acf_changed":false,"footnotes":""},"class_list":["post-3124","page","type-page","status-publish","hentry"],"acf":[],"yoast_head":"<!-- This site is optimized with the Yoast SEO plugin v25.6 - https:\/\/yoast.com\/wordpress\/plugins\/seo\/ -->\n<title>\u0421\u0432\u044f\u0436\u0438\u0442\u0435\u0441\u044c \u0441 \u043d\u0430\u043c\u0438 - Nuvalo O&Uuml;<\/title>\n<meta name=\"robots\" content=\"index, follow, max-snippet:-1, max-image-preview:large, max-video-preview:-1\" \/>\n<link rel=\"canonical\" href=\"https:\/\/nuvalo.md\/ru\/%d1%81%d0%b2%d1%8f%d0%b6%d0%b8%d1%82%d0%b5%d1%81%d1%8c-%d1%81-%d0%bd%d0%b0%d0%bc%d0%b8\/\" \/>\n<meta property=\"og:locale\" content=\"ru_RU\" \/>\n<meta property=\"og:type\" content=\"article\" \/>\n<meta property=\"og:title\" content=\"\u0421\u0432\u044f\u0436\u0438\u0442\u0435\u0441\u044c \u0441 \u043d\u0430\u043c\u0438 - Nuvalo O&Uuml;\" \/>\n<meta property=\"og:description\" content=\"\u0421\u0432\u044f\u0436\u0438\u0442\u0435\u0441\u044c \u0441 \u043d\u0430\u043c\u0438 Nuvalo \u2013 \u043a\u0430\u0447\u0435\u0441\u0442\u0432\u0435\u043d\u043d\u044b\u0439 HR, \u043e\u0445\u0432\u0430\u0442\u044b\u0432\u0430\u044e\u0449\u0438\u0439 \u0432\u0441\u044e \u0415\u0432\u0440\u043e\u043f\u0443! \u0426\u0435\u043b\u044c\u044e Nuvalo \u044f\u0432\u043b\u044f\u0435\u0442\u0441\u044f \u043f\u0440\u0435\u0434\u043e\u0441\u0442\u0430\u0432\u043b\u0435\u043d\u0438\u0435 \u043f\u0440\u043e\u0444\u0435\u0441\u0441\u0438\u043e\u043d\u0430\u043b\u044c\u043d\u044b\u0445 \u043a\u0430\u0434\u0440\u043e\u0432\u044b\u0445 \u0443\u0441\u043b\u0443\u0433 \u043a\u043b\u0438\u0435\u043d\u0442\u0430\u043c \u043d\u0430 \u043a\u043e\u0440\u043e\u0442\u043a\u0438\u0439 \u0438\u043b\u0438 \u0434\u043b\u0438\u0442\u0435\u043b\u044c\u043d\u044b\u0439 \u043f\u0435\u0440\u0438\u043e\u0434. \u0411\u044b\u0442\u044c \u043d\u0430\u0448\u0438\u043c \u043f\u0430\u0440\u0442\u043d\u0435\u0440\u043e\u043c \u043f\u043e\u043c\u043e\u0433\u0430\u0435\u0442 \u043c\u0438\u043d\u0438\u043c\u0438\u0437\u0438\u0440\u043e\u0432\u0430\u0442\u044c \u0440\u0438\u0441\u043a\u0438 \u043d\u0430\u0439\u043c\u0430 \u0438 \u043f\u043e\u043c\u043e\u0436\u0435\u0442 \u043a\u043e\u043c\u043f\u0430\u043d\u0438\u044f\u043c \u0443\u0441\u0438\u043b\u0438\u0442\u044c \u0441\u0432\u043e\u044e \u0430\u0434\u0430\u043f\u0442\u0430\u0446\u0438\u044e \u0438 \u043a\u043e\u043d\u043a\u0443\u0440\u0435\u043d\u0442\u043e\u0441\u043f\u043e\u0441\u043e\u0431\u043d\u043e\u0441\u0442\u044c. Nuvalo Moldova &#8212; info@nuvalo.md \u043b\u0435\u0442 \u043e\u043f\u044b\u0442\u0430 0 + \u0430\u0440\u0435\u043d\u0434\u043e\u0432\u0430\u043d\u043d\u044b\u0445 \u0441\u043e\u0442\u0440\u0443\u0434\u043d\u0438\u043a\u043e\u0432 777 + \u043d\u0430\u0434\u0451\u0436\u043d\u044b\u0445 \u043f\u0430\u0440\u0442\u043d\u0451\u0440\u043e\u0432 44 +\" \/>\n<meta property=\"og:url\" content=\"https:\/\/nuvalo.md\/ru\/%d1%81%d0%b2%d1%8f%d0%b6%d0%b8%d1%82%d0%b5%d1%81%d1%8c-%d1%81-%d0%bd%d0%b0%d0%bc%d0%b8\/\" \/>\n<meta property=\"og:site_name\" content=\"Nuvalo O&Uuml;\" \/>\n<meta property=\"article:publisher\" content=\"https:\/\/www.facebook.com\/www.nuvalo.lv\/\" \/>\n<meta property=\"article:modified_time\" content=\"2025-08-10T11:06:13+00:00\" \/>\n<meta name=\"twitter:card\" content=\"summary_large_image\" \/>\n<meta name=\"twitter:label1\" content=\"\u041f\u0440\u0438\u043c\u0435\u0440\u043d\u043e\u0435 \u0432\u0440\u0435\u043c\u044f \u0434\u043b\u044f \u0447\u0442\u0435\u043d\u0438\u044f\" \/>\n\t<meta name=\"twitter:data1\" content=\"1 \u043c\u0438\u043d\u0443\u0442\u0430\" \/>\n<script type=\"application\/ld+json\" class=\"yoast-schema-graph\">{\"@context\":\"https:\/\/schema.org\",\"@graph\":[{\"@type\":\"WebPage\",\"@id\":\"https:\/\/nuvalo.md\/ru\/%d1%81%d0%b2%d1%8f%d0%b6%d0%b8%d1%82%d0%b5%d1%81%d1%8c-%d1%81-%d0%bd%d0%b0%d0%bc%d0%b8\/\",\"url\":\"https:\/\/nuvalo.md\/ru\/%d1%81%d0%b2%d1%8f%d0%b6%d0%b8%d1%82%d0%b5%d1%81%d1%8c-%d1%81-%d0%bd%d0%b0%d0%bc%d0%b8\/\",\"name\":\"\u0421\u0432\u044f\u0436\u0438\u0442\u0435\u0441\u044c \u0441 \u043d\u0430\u043c\u0438 - Nuvalo O&Uuml;\",\"isPartOf\":{\"@id\":\"https:\/\/nuvalo.md\/ru\/#website\"},\"datePublished\":\"2025-05-21T11:29:38+00:00\",\"dateModified\":\"2025-08-10T11:06:13+00:00\",\"breadcrumb\":{\"@id\":\"https:\/\/nuvalo.md\/ru\/%d1%81%d0%b2%d1%8f%d0%b6%d0%b8%d1%82%d0%b5%d1%81%d1%8c-%d1%81-%d0%bd%d0%b0%d0%bc%d0%b8\/#breadcrumb\"},\"inLanguage\":\"ru-RU\",\"potentialAction\":[{\"@type\":\"ReadAction\",\"target\":[\"https:\/\/nuvalo.md\/ru\/%d1%81%d0%b2%d1%8f%d0%b6%d0%b8%d1%82%d0%b5%d1%81%d1%8c-%d1%81-%d0%bd%d0%b0%d0%bc%d0%b8\/\"]}]},{\"@type\":\"BreadcrumbList\",\"@id\":\"https:\/\/nuvalo.md\/ru\/%d1%81%d0%b2%d1%8f%d0%b6%d0%b8%d1%82%d0%b5%d1%81%d1%8c-%d1%81-%d0%bd%d0%b0%d0%bc%d0%b8\/#breadcrumb\",\"itemListElement\":[{\"@type\":\"ListItem\",\"position\":1,\"name\":\"Home\",\"item\":\"https:\/\/nuvalo.md\/ru\/\"},{\"@type\":\"ListItem\",\"position\":2,\"name\":\"\u0421\u0432\u044f\u0436\u0438\u0442\u0435\u0441\u044c \u0441 \u043d\u0430\u043c\u0438\"}]},{\"@type\":\"WebSite\",\"@id\":\"https:\/\/nuvalo.md\/ru\/#website\",\"url\":\"https:\/\/nuvalo.md\/ru\/\",\"name\":\"Nuvalo O\u00dc - K\u00d5IK PERSONALITEENUSED \u00dcHEST KOHAST!\",\"description\":\"K&otilde;ik personaliteenused &uuml;hest kohast!\",\"publisher\":{\"@id\":\"https:\/\/nuvalo.md\/ru\/#organization\"},\"potentialAction\":[{\"@type\":\"SearchAction\",\"target\":{\"@type\":\"EntryPoint\",\"urlTemplate\":\"https:\/\/nuvalo.md\/ru\/?s={search_term_string}\"},\"query-input\":{\"@type\":\"PropertyValueSpecification\",\"valueRequired\":true,\"valueName\":\"search_term_string\"}}],\"inLanguage\":\"ru-RU\"},{\"@type\":\"Organization\",\"@id\":\"https:\/\/nuvalo.md\/ru\/#organization\",\"name\":\"Nuvalo O\u00dc\",\"url\":\"https:\/\/nuvalo.md\/ru\/\",\"logo\":{\"@type\":\"ImageObject\",\"inLanguage\":\"ru-RU\",\"@id\":\"https:\/\/nuvalo.md\/ru\/#\/schema\/logo\/image\/\",\"url\":\"https:\/\/nuvalo.md\/wp-content\/uploads\/2019\/04\/nuvalo_logo-500.png\",\"contentUrl\":\"https:\/\/nuvalo.md\/wp-content\/uploads\/2019\/04\/nuvalo_logo-500.png\",\"width\":500,\"height\":141,\"caption\":\"Nuvalo O\u00dc\"},\"image\":{\"@id\":\"https:\/\/nuvalo.md\/ru\/#\/schema\/logo\/image\/\"},\"sameAs\":[\"https:\/\/www.facebook.com\/www.nuvalo.lv\/\"]}]}<\/script>\n<!-- \/ Yoast SEO plugin. -->","yoast_head_json":{"title":"\u0421\u0432\u044f\u0436\u0438\u0442\u0435\u0441\u044c \u0441 \u043d\u0430\u043c\u0438 - Nuvalo O&Uuml;","robots":{"index":"index","follow":"follow","max-snippet":"max-snippet:-1","max-image-preview":"max-image-preview:large","max-video-preview":"max-video-preview:-1"},"canonical":"https:\/\/nuvalo.md\/ru\/%d1%81%d0%b2%d1%8f%d0%b6%d0%b8%d1%82%d0%b5%d1%81%d1%8c-%d1%81-%d0%bd%d0%b0%d0%bc%d0%b8\/","og_locale":"ru_RU","og_type":"article","og_title":"\u0421\u0432\u044f\u0436\u0438\u0442\u0435\u0441\u044c \u0441 \u043d\u0430\u043c\u0438 - Nuvalo O&Uuml;","og_description":"\u0421\u0432\u044f\u0436\u0438\u0442\u0435\u0441\u044c \u0441 \u043d\u0430\u043c\u0438 Nuvalo \u2013 \u043a\u0430\u0447\u0435\u0441\u0442\u0432\u0435\u043d\u043d\u044b\u0439 HR, \u043e\u0445\u0432\u0430\u0442\u044b\u0432\u0430\u044e\u0449\u0438\u0439 \u0432\u0441\u044e \u0415\u0432\u0440\u043e\u043f\u0443! \u0426\u0435\u043b\u044c\u044e Nuvalo \u044f\u0432\u043b\u044f\u0435\u0442\u0441\u044f \u043f\u0440\u0435\u0434\u043e\u0441\u0442\u0430\u0432\u043b\u0435\u043d\u0438\u0435 \u043f\u0440\u043e\u0444\u0435\u0441\u0441\u0438\u043e\u043d\u0430\u043b\u044c\u043d\u044b\u0445 \u043a\u0430\u0434\u0440\u043e\u0432\u044b\u0445 \u0443\u0441\u043b\u0443\u0433 \u043a\u043b\u0438\u0435\u043d\u0442\u0430\u043c \u043d\u0430 \u043a\u043e\u0440\u043e\u0442\u043a\u0438\u0439 \u0438\u043b\u0438 \u0434\u043b\u0438\u0442\u0435\u043b\u044c\u043d\u044b\u0439 \u043f\u0435\u0440\u0438\u043e\u0434. \u0411\u044b\u0442\u044c \u043d\u0430\u0448\u0438\u043c \u043f\u0430\u0440\u0442\u043d\u0435\u0440\u043e\u043c \u043f\u043e\u043c\u043e\u0433\u0430\u0435\u0442 \u043c\u0438\u043d\u0438\u043c\u0438\u0437\u0438\u0440\u043e\u0432\u0430\u0442\u044c \u0440\u0438\u0441\u043a\u0438 \u043d\u0430\u0439\u043c\u0430 \u0438 \u043f\u043e\u043c\u043e\u0436\u0435\u0442 \u043a\u043e\u043c\u043f\u0430\u043d\u0438\u044f\u043c \u0443\u0441\u0438\u043b\u0438\u0442\u044c \u0441\u0432\u043e\u044e \u0430\u0434\u0430\u043f\u0442\u0430\u0446\u0438\u044e \u0438 \u043a\u043e\u043d\u043a\u0443\u0440\u0435\u043d\u0442\u043e\u0441\u043f\u043e\u0441\u043e\u0431\u043d\u043e\u0441\u0442\u044c. Nuvalo Moldova &#8212; info@nuvalo.md \u043b\u0435\u0442 \u043e\u043f\u044b\u0442\u0430 0 + \u0430\u0440\u0435\u043d\u0434\u043e\u0432\u0430\u043d\u043d\u044b\u0445 \u0441\u043e\u0442\u0440\u0443\u0434\u043d\u0438\u043a\u043e\u0432 777 + \u043d\u0430\u0434\u0451\u0436\u043d\u044b\u0445 \u043f\u0430\u0440\u0442\u043d\u0451\u0440\u043e\u0432 44 +","og_url":"https:\/\/nuvalo.md\/ru\/%d1%81%d0%b2%d1%8f%d0%b6%d0%b8%d1%82%d0%b5%d1%81%d1%8c-%d1%81-%d0%bd%d0%b0%d0%bc%d0%b8\/","og_site_name":"Nuvalo O&Uuml;","article_publisher":"https:\/\/www.facebook.com\/www.nuvalo.lv\/","article_modified_time":"2025-08-10T11:06:13+00:00","twitter_card":"summary_large_image","twitter_misc":{"\u041f\u0440\u0438\u043c\u0435\u0440\u043d\u043e\u0435 \u0432\u0440\u0435\u043c\u044f \u0434\u043b\u044f \u0447\u0442\u0435\u043d\u0438\u044f":"1 \u043c\u0438\u043d\u0443\u0442\u0430"},"schema":{"@context":"https:\/\/schema.org","@graph":[{"@type":"WebPage","@id":"https:\/\/nuvalo.md\/ru\/%d1%81%d0%b2%d1%8f%d0%b6%d0%b8%d1%82%d0%b5%d1%81%d1%8c-%d1%81-%d0%bd%d0%b0%d0%bc%d0%b8\/","url":"https:\/\/nuvalo.md\/ru\/%d1%81%d0%b2%d1%8f%d0%b6%d0%b8%d1%82%d0%b5%d1%81%d1%8c-%d1%81-%d0%bd%d0%b0%d0%bc%d0%b8\/","name":"\u0421\u0432\u044f\u0436\u0438\u0442\u0435\u0441\u044c \u0441 \u043d\u0430\u043c\u0438 - Nuvalo O&Uuml;","isPartOf":{"@id":"https:\/\/nuvalo.md\/ru\/#website"},"datePublished":"2025-05-21T11:29:38+00:00","dateModified":"2025-08-10T11:06:13+00:00","breadcrumb":{"@id":"https:\/\/nuvalo.md\/ru\/%d1%81%d0%b2%d1%8f%d0%b6%d0%b8%d1%82%d0%b5%d1%81%d1%8c-%d1%81-%d0%bd%d0%b0%d0%bc%d0%b8\/#breadcrumb"},"inLanguage":"ru-RU","potentialAction":[{"@type":"ReadAction","target":["https:\/\/nuvalo.md\/ru\/%d1%81%d0%b2%d1%8f%d0%b6%d0%b8%d1%82%d0%b5%d1%81%d1%8c-%d1%81-%d0%bd%d0%b0%d0%bc%d0%b8\/"]}]},{"@type":"BreadcrumbList","@id":"https:\/\/nuvalo.md\/ru\/%d1%81%d0%b2%d1%8f%d0%b6%d0%b8%d1%82%d0%b5%d1%81%d1%8c-%d1%81-%d0%bd%d0%b0%d0%bc%d0%b8\/#breadcrumb","itemListElement":[{"@type":"ListItem","position":1,"name":"Home","item":"https:\/\/nuvalo.md\/ru\/"},{"@type":"ListItem","position":2,"name":"\u0421\u0432\u044f\u0436\u0438\u0442\u0435\u0441\u044c \u0441 \u043d\u0430\u043c\u0438"}]},{"@type":"WebSite","@id":"https:\/\/nuvalo.md\/ru\/#website","url":"https:\/\/nuvalo.md\/ru\/","name":"Nuvalo O\u00dc - K\u00d5IK PERSONALITEENUSED \u00dcHEST KOHAST!","description":"K&otilde;ik personaliteenused &uuml;hest kohast!","publisher":{"@id":"https:\/\/nuvalo.md\/ru\/#organization"},"potentialAction":[{"@type":"SearchAction","target":{"@type":"EntryPoint","urlTemplate":"https:\/\/nuvalo.md\/ru\/?s={search_term_string}"},"query-input":{"@type":"PropertyValueSpecification","valueRequired":true,"valueName":"search_term_string"}}],"inLanguage":"ru-RU"},{"@type":"Organization","@id":"https:\/\/nuvalo.md\/ru\/#organization","name":"Nuvalo O\u00dc","url":"https:\/\/nuvalo.md\/ru\/","logo":{"@type":"ImageObject","inLanguage":"ru-RU","@id":"https:\/\/nuvalo.md\/ru\/#\/schema\/logo\/image\/","url":"https:\/\/nuvalo.md\/wp-content\/uploads\/2019\/04\/nuvalo_logo-500.png","contentUrl":"https:\/\/nuvalo.md\/wp-content\/uploads\/2019\/04\/nuvalo_logo-500.png","width":500,"height":141,"caption":"Nuvalo O\u00dc"},"image":{"@id":"https:\/\/nuvalo.md\/ru\/#\/schema\/logo\/image\/"},"sameAs":["https:\/\/www.facebook.com\/www.nuvalo.lv\/"]}]}},"_links":{"self":[{"href":"https:\/\/nuvalo.md\/ru\/wp-json\/wp\/v2\/pages\/3124","targetHints":{"allow":["GET"]}}],"collection":[{"href":"https:\/\/nuvalo.md\/ru\/wp-json\/wp\/v2\/pages"}],"about":[{"href":"https:\/\/nuvalo.md\/ru\/wp-json\/wp\/v2\/types\/page"}],"author":[{"embeddable":true,"href":"https:\/\/nuvalo.md\/ru\/wp-json\/wp\/v2\/users\/5"}],"replies":[{"embeddable":true,"href":"https:\/\/nuvalo.md\/ru\/wp-json\/wp\/v2\/comments?post=3124"}],"version-history":[{"count":24,"href":"https:\/\/nuvalo.md\/ru\/wp-json\/wp\/v2\/pages\/3124\/revisions"}],"predecessor-version":[{"id":3838,"href":"https:\/\/nuvalo.md\/ru\/wp-json\/wp\/v2\/pages\/3124\/revisions\/3838"}],"wp:attachment":[{"href":"https:\/\/nuvalo.md\/ru\/wp-json\/wp\/v2\/media?parent=3124"}],"curies":[{"name":"wp","href":"https:\/\/api.w.org\/{rel}","templated":true}]}}